{"id":95,"date":"2016-07-29T04:32:38","date_gmt":"2016-07-29T04:32:38","guid":{"rendered":"http:\/\/demo.uix.store\/sober\/?post_type=product&#038;p=95"},"modified":"2025-01-20T16:07:26","modified_gmt":"2025-01-20T16:07:26","slug":"cojin-carril","status":"publish","type":"product","link":"https:\/\/pazmesa.art\/?product=cojin-carril","title":{"rendered":"Coj\u00edn Carril"},"content":{"rendered":"<p>Coj\u00edn tejido con lana de oveja xalda org\u00e1nica en su tono natural marr\u00f3n y lana merino extreme\u00f1a en tonos anaranjados te\u00f1ida con tintes naturales. El dise\u00f1o asemeja el sogueado tan utilizado como ornamentaci\u00f3n en los monumentos arquitect\u00f3nicos que configuran el arte asturiano y en construcciones tradicionales.<\/p>\n<p>La funda interior es de algod\u00f3n org\u00e1nico y est\u00e1 relleno de lana merino castellana.<\/p>\n<p>Nuestros cojines est\u00e1n tejidos con lana merino extreme\u00f1a y con nuestra lana xalda llena de matices que se mimetizan con el entorno.<\/p>\n","protected":false},"excerpt":{"rendered":"<p>Coj\u00edn teijido con lana de oveja xalda org\u00e1nica en su tono natural marr\u00f3n y lana merino extreme\u00f1a en tonos anaranjados te\u00f1ida con tintes naturales. El dise\u00f1o asemeja el sogueado tan utilizado como ornamentaci\u00f3n en los monumentos arquitect\u00f3nicos que configuran el arte asturiano y en construcciones tradicionales.<\/p>\n","protected":false},"featured_media":3053,"comment_status":"closed","ping_status":"closed","template":"","meta":[],"product_brand":[],"product_cat":[36,53],"product_tag":[],"class_list":{"0":"post-95","1":"product","2":"type-product","3":"status-publish","4":"has-post-thumbnail","6":"product_cat-cojines-es","7":"product_cat-xalda-es","9":"first","10":"outofstock","11":"taxable","12":"shipping-taxable","13":"purchasable","14":"product-type-simple","15":"layout-style-1","16":"col-md-4 col-sm-4 col-xs-6","17":"col-lg-3","18":"product-has-gallery","19":"product-style-default"},"aioseo_notices":[],"_links":{"self":[{"href":"https:\/\/pazmesa.art\/index.php?rest_route=\/wp\/v2\/product\/95","targetHints":{"allow":["GET"]}}],"collection":[{"href":"https:\/\/pazmesa.art\/index.php?rest_route=\/wp\/v2\/product"}],"about":[{"href":"https:\/\/pazmesa.art\/index.php?rest_route=\/wp\/v2\/types\/product"}],"replies":[{"embeddable":true,"href":"https:\/\/pazmesa.art\/index.php?rest_route=%2Fwp%2Fv2%2Fcomments&post=95"}],"wp:featuredmedia":[{"embeddable":true,"href":"https:\/\/pazmesa.art\/index.php?rest_route=\/wp\/v2\/media\/3053"}],"wp:attachment":[{"href":"https:\/\/pazmesa.art\/index.php?rest_route=%2Fwp%2Fv2%2Fmedia&parent=95"}],"wp:term":[{"taxonomy":"product_brand","embeddable":true,"href":"https:\/\/pazmesa.art\/index.php?rest_route=%2Fwp%2Fv2%2Fproduct_brand&post=95"},{"taxonomy":"product_cat","embeddable":true,"href":"https:\/\/pazmesa.art\/index.php?rest_route=%2Fwp%2Fv2%2Fproduct_cat&post=95"},{"taxonomy":"product_tag","embeddable":true,"href":"https:\/\/pazmesa.art\/index.php?rest_route=%2Fwp%2Fv2%2Fproduct_tag&post=95"}],"curies":[{"name":"wp","href":"https:\/\/api.w.org\/{rel}","templated":true}]}}