{"id":4868,"date":"2025-02-19T12:01:59","date_gmt":"2025-02-19T12:01:59","guid":{"rendered":"https:\/\/pazmesa.art\/?post_type=product&#038;p=4868"},"modified":"2025-05-19T12:11:51","modified_gmt":"2025-05-19T12:11:51","slug":"carril-cushion","status":"publish","type":"product","link":"https:\/\/pazmesa.art\/?product=carril-cushion&lang=en","title":{"rendered":"Carril Cushion"},"content":{"rendered":"<p>Cushion woven with organic xalda sheep&#8217;s wool in its natural brown tone and Extremadura merino wool in orange tones dyed with natural dyes. The design resembles the sogueado used as ornamentation in the architectural monuments that make up Asturian art and in traditional constructions.<\/p>\n<p>The inner cover is made of organic cotton and is filled with Castilian merino wool.<\/p>\n<p>Our cushions are woven with merino wool from Extremadura and with our Xalda wool, full of nuances that blend in with the environment.<\/p>\n","protected":false},"excerpt":{"rendered":"<p>Coj\u00edn teijido con lana de oveja xalda org\u00e1nica en su tono natural marr\u00f3n y lana merino extreme\u00f1a en tonos anaranjados te\u00f1ida con tintes naturales. El dise\u00f1o asemeja el sogueado tan utilizado como ornamentaci\u00f3n en los monumentos arquitect\u00f3nicos que configuran el arte asturiano y en construcciones tradicionales.<\/p>\n","protected":false},"featured_media":3053,"comment_status":"closed","ping_status":"closed","template":"","meta":[],"product_brand":[],"product_cat":[229,212],"product_tag":[],"class_list":{"0":"post-4868","1":"product","2":"type-product","3":"status-publish","4":"has-post-thumbnail","6":"product_cat-cojines-es-en","7":"product_cat-xalda-en","9":"first","10":"outofstock","11":"taxable","12":"shipping-taxable","13":"purchasable","14":"product-type-simple","15":"layout-style-1","16":"col-md-4 col-sm-4 col-xs-6","17":"col-lg-3","18":"product-has-gallery","19":"product-style-default"},"aioseo_notices":[],"_links":{"self":[{"href":"https:\/\/pazmesa.art\/index.php?rest_route=\/wp\/v2\/product\/4868","targetHints":{"allow":["GET"]}}],"collection":[{"href":"https:\/\/pazmesa.art\/index.php?rest_route=\/wp\/v2\/product"}],"about":[{"href":"https:\/\/pazmesa.art\/index.php?rest_route=\/wp\/v2\/types\/product"}],"replies":[{"embeddable":true,"href":"https:\/\/pazmesa.art\/index.php?rest_route=%2Fwp%2Fv2%2Fcomments&post=4868"}],"wp:featuredmedia":[{"embeddable":true,"href":"https:\/\/pazmesa.art\/index.php?rest_route=\/wp\/v2\/media\/3053"}],"wp:attachment":[{"href":"https:\/\/pazmesa.art\/index.php?rest_route=%2Fwp%2Fv2%2Fmedia&parent=4868"}],"wp:term":[{"taxonomy":"product_brand","embeddable":true,"href":"https:\/\/pazmesa.art\/index.php?rest_route=%2Fwp%2Fv2%2Fproduct_brand&post=4868"},{"taxonomy":"product_cat","embeddable":true,"href":"https:\/\/pazmesa.art\/index.php?rest_route=%2Fwp%2Fv2%2Fproduct_cat&post=4868"},{"taxonomy":"product_tag","embeddable":true,"href":"https:\/\/pazmesa.art\/index.php?rest_route=%2Fwp%2Fv2%2Fproduct_tag&post=4868"}],"curies":[{"name":"wp","href":"https:\/\/api.w.org\/{rel}","templated":true}]}}