{"id":4759,"date":"2025-04-24T11:47:02","date_gmt":"2025-04-24T11:47:02","guid":{"rendered":"https:\/\/pazmesa.art\/?post_type=product&#038;p=4759"},"modified":"2025-04-25T17:50:21","modified_gmt":"2025-04-25T17:50:21","slug":"chal-casamientu-3","status":"publish","type":"product","link":"https:\/\/pazmesa.art\/?product=chal-casamientu-3","title":{"rendered":"Chal L&#8217;Alba"},"content":{"rendered":"<p>Este chal ha sido tejido a mano con una selecci\u00f3n de las fibras m\u00e1s nobles y delicadas: seda org\u00e1nica de la paz, alpaca, cashmere y lana merino. Su textura es una caricia sobre la piel, ligera y envolvente, pensada para acompa\u00f1ar a la novia en uno de los d\u00edas m\u00e1s importantes de su vida.<\/p>\n<p>El tono natural y luminoso de las fibras realza cualquier vestido, aportando un matiz de elegancia atemporal. Cada hebra ha sido trabajada con cuidado, respetando los ritmos del oficio y la esencia de los materiales.<\/p>\n<p>Este chal no solo es un complemento, sino una pieza con alma, pensada para ser atesorada y, quiz\u00e1s, heredada.<\/p>\n","protected":false},"excerpt":{"rendered":"<p>Un chal muy suave y delicado tejido con lujosos hilos de seda org\u00e1nica de la paz, cashmere, alpaca y merino<\/p>\n","protected":false},"featured_media":4698,"comment_status":"closed","ping_status":"closed","template":"","meta":[],"product_brand":[],"product_cat":[42],"product_tag":[],"class_list":{"0":"post-4759","1":"product","2":"type-product","3":"status-publish","4":"has-post-thumbnail","6":"product_cat-chales-es","8":"first","9":"outofstock","10":"taxable","11":"shipping-taxable","12":"purchasable","13":"product-type-simple","14":"layout-style-1","15":"col-md-4 col-sm-4 col-xs-6","16":"col-lg-3","17":"product-has-gallery","18":"product-style-default"},"aioseo_notices":[],"_links":{"self":[{"href":"https:\/\/pazmesa.art\/index.php?rest_route=\/wp\/v2\/product\/4759","targetHints":{"allow":["GET"]}}],"collection":[{"href":"https:\/\/pazmesa.art\/index.php?rest_route=\/wp\/v2\/product"}],"about":[{"href":"https:\/\/pazmesa.art\/index.php?rest_route=\/wp\/v2\/types\/product"}],"replies":[{"embeddable":true,"href":"https:\/\/pazmesa.art\/index.php?rest_route=%2Fwp%2Fv2%2Fcomments&post=4759"}],"wp:featuredmedia":[{"embeddable":true,"href":"https:\/\/pazmesa.art\/index.php?rest_route=\/wp\/v2\/media\/4698"}],"wp:attachment":[{"href":"https:\/\/pazmesa.art\/index.php?rest_route=%2Fwp%2Fv2%2Fmedia&parent=4759"}],"wp:term":[{"taxonomy":"product_brand","embeddable":true,"href":"https:\/\/pazmesa.art\/index.php?rest_route=%2Fwp%2Fv2%2Fproduct_brand&post=4759"},{"taxonomy":"product_cat","embeddable":true,"href":"https:\/\/pazmesa.art\/index.php?rest_route=%2Fwp%2Fv2%2Fproduct_cat&post=4759"},{"taxonomy":"product_tag","embeddable":true,"href":"https:\/\/pazmesa.art\/index.php?rest_route=%2Fwp%2Fv2%2Fproduct_tag&post=4759"}],"curies":[{"name":"wp","href":"https:\/\/api.w.org\/{rel}","templated":true}]}}