{"id":4400,"date":"2023-11-24T10:29:15","date_gmt":"2023-11-24T10:29:15","guid":{"rendered":"https:\/\/pazmesa.art\/?post_type=product&#038;p=4400"},"modified":"2025-06-25T10:24:16","modified_gmt":"2025-06-25T10:24:16","slug":"bufanda-ceston-2","status":"publish","type":"product","link":"https:\/\/pazmesa.art\/?product=bufanda-ceston-2&lang=ast","title":{"rendered":"Bufanda Cest\u00f3n"},"content":{"rendered":"<p>Una bufanda persuave y delicada texida con filos luxosos de llana merino y de seda org\u00e1nico de la paz en suaves tonos marrones y tostaos.<\/p>\n<p>Cest\u00f3n ye un prau aver\u00e1u al monte en Bolgues que llevamos va unos a\u00f1os, el nome ye pola forma redonda rode\u00e1u de muria onde llv\u00e1bamos a pacer un asturc\u00f3n col que pas\u00e1bamos munches tardes ivernales viendo\u2019l sol metese tres los montes demientres lluchaba coles \u00f1ubes plomices ya ti\u00f1iendo d\u2019oru los folechos secos de la vera.<\/p>\n<p>La seda org\u00e1nico de la paz ye una seda que pal so proces\u00e1u esp\u00e9rase a que los guxanos completen la metamorfosis.<\/p>\n<p>Les nueses bufandes t\u00e1n tex\u00edes coles fibres m\u00e1s delicaes y suaves ti\u00f1\u00edes con tintes naturales: filos de llana merino entemecida con seda, llinu, seda org\u00e1nico de la paz qu&#8217;apurren una cayida, rellumu y suavid\u00e1 estraordinaria, pa la nuesa piel delicada.<\/p>\n<p>&nbsp;<\/p>\n","protected":false},"excerpt":{"rendered":"<p>Una bufanda persuave y delicada texida con filos luxosos de llana merino y de seda org\u00e1nico de la paz en suaves tonos marrones y tostaos.<\/p>\n","protected":false},"featured_media":4397,"comment_status":"closed","ping_status":"closed","template":"","meta":[],"product_brand":[],"product_cat":[101],"product_tag":[],"class_list":{"0":"post-4400","1":"product","2":"type-product","3":"status-publish","4":"has-post-thumbnail","6":"product_cat-bufandes-ast","8":"first","9":"instock","10":"taxable","11":"shipping-taxable","12":"purchasable","13":"product-type-simple","14":"layout-style-1","15":"col-md-4 col-sm-4 col-xs-6","16":"col-lg-3","17":"product-has-gallery","18":"product-style-default"},"aioseo_notices":[],"_links":{"self":[{"href":"https:\/\/pazmesa.art\/index.php?rest_route=\/wp\/v2\/product\/4400","targetHints":{"allow":["GET"]}}],"collection":[{"href":"https:\/\/pazmesa.art\/index.php?rest_route=\/wp\/v2\/product"}],"about":[{"href":"https:\/\/pazmesa.art\/index.php?rest_route=\/wp\/v2\/types\/product"}],"replies":[{"embeddable":true,"href":"https:\/\/pazmesa.art\/index.php?rest_route=%2Fwp%2Fv2%2Fcomments&post=4400"}],"wp:featuredmedia":[{"embeddable":true,"href":"https:\/\/pazmesa.art\/index.php?rest_route=\/wp\/v2\/media\/4397"}],"wp:attachment":[{"href":"https:\/\/pazmesa.art\/index.php?rest_route=%2Fwp%2Fv2%2Fmedia&parent=4400"}],"wp:term":[{"taxonomy":"product_brand","embeddable":true,"href":"https:\/\/pazmesa.art\/index.php?rest_route=%2Fwp%2Fv2%2Fproduct_brand&post=4400"},{"taxonomy":"product_cat","embeddable":true,"href":"https:\/\/pazmesa.art\/index.php?rest_route=%2Fwp%2Fv2%2Fproduct_cat&post=4400"},{"taxonomy":"product_tag","embeddable":true,"href":"https:\/\/pazmesa.art\/index.php?rest_route=%2Fwp%2Fv2%2Fproduct_tag&post=4400"}],"curies":[{"name":"wp","href":"https:\/\/api.w.org\/{rel}","templated":true}]}}