{"id":4390,"date":"2023-11-24T10:08:32","date_gmt":"2023-11-24T10:08:32","guid":{"rendered":"https:\/\/pazmesa.art\/?post_type=product&#038;p=4390"},"modified":"2024-11-03T12:14:21","modified_gmt":"2024-11-03T12:14:21","slug":"bufanda-pumeda-2","status":"publish","type":"product","link":"https:\/\/pazmesa.art\/?product=bufanda-pumeda-2&lang=ast","title":{"rendered":"Bufanda Pumeda"},"content":{"rendered":"<p>Una bufanda persuave y delicada texida con filos luxosos de llana merino y de seda en suaves tonos corales qu&#8217;asemeyen a esos tonos acolorazaos de les mazanes.<\/p>\n<p>Enll\u00e9naseme la boca de recuerdos al nomar Pumeda, nun ye solo un pueblu de les Regueres, tami\u00e9n ye un llugar apeg\u00e1u a Les Caldes onde escap\u00e1bamos a xugar y charrar con Otilia la molinera. Angua\u00f1u ye un campu golf, pero nel\u00a0 mio max\u00edn sigue siendo un paraisu de mazanes de color color\u00e1u y coral, del tonu coral del coraz\u00f3n.<\/p>\n<p>Les nueses bufandes t\u00e1n tex\u00edes coles fibres m\u00e1s delicaes y suaves ti\u00f1ies con tintes naturales: filos de llana merino entemecida con seda, llinu, seda org\u00e1nico de la paz qu&#8217;apurren una cayida, rellumu y suavid\u00e1 estraordinaria, pa la nuesa piel delicada.<\/p>\n<p>&nbsp;<\/p>\n","protected":false},"excerpt":{"rendered":"<p>Una bufanda persuave y delicada texida con filos luxosos de llana merino y de seda en suaves tonos corales qu&#8217;asemeyen a esos tonos acolorazaos de les mazanes.<\/p>\n","protected":false},"featured_media":4387,"comment_status":"closed","ping_status":"closed","template":"","meta":[],"product_brand":[],"product_cat":[101],"product_tag":[],"class_list":{"0":"post-4390","1":"product","2":"type-product","3":"status-publish","4":"has-post-thumbnail","6":"product_cat-bufandes-ast","8":"first","9":"outofstock","10":"taxable","11":"shipping-taxable","12":"purchasable","13":"product-type-simple","14":"layout-style-1","15":"col-md-4 col-sm-4 col-xs-6","16":"col-lg-3","17":"product-has-gallery","18":"product-style-default"},"aioseo_notices":[],"_links":{"self":[{"href":"https:\/\/pazmesa.art\/index.php?rest_route=\/wp\/v2\/product\/4390","targetHints":{"allow":["GET"]}}],"collection":[{"href":"https:\/\/pazmesa.art\/index.php?rest_route=\/wp\/v2\/product"}],"about":[{"href":"https:\/\/pazmesa.art\/index.php?rest_route=\/wp\/v2\/types\/product"}],"replies":[{"embeddable":true,"href":"https:\/\/pazmesa.art\/index.php?rest_route=%2Fwp%2Fv2%2Fcomments&post=4390"}],"wp:featuredmedia":[{"embeddable":true,"href":"https:\/\/pazmesa.art\/index.php?rest_route=\/wp\/v2\/media\/4387"}],"wp:attachment":[{"href":"https:\/\/pazmesa.art\/index.php?rest_route=%2Fwp%2Fv2%2Fmedia&parent=4390"}],"wp:term":[{"taxonomy":"product_brand","embeddable":true,"href":"https:\/\/pazmesa.art\/index.php?rest_route=%2Fwp%2Fv2%2Fproduct_brand&post=4390"},{"taxonomy":"product_cat","embeddable":true,"href":"https:\/\/pazmesa.art\/index.php?rest_route=%2Fwp%2Fv2%2Fproduct_cat&post=4390"},{"taxonomy":"product_tag","embeddable":true,"href":"https:\/\/pazmesa.art\/index.php?rest_route=%2Fwp%2Fv2%2Fproduct_tag&post=4390"}],"curies":[{"name":"wp","href":"https:\/\/api.w.org\/{rel}","templated":true}]}}