{"id":4019,"date":"2023-10-19T14:58:52","date_gmt":"2023-10-19T14:58:52","guid":{"rendered":"https:\/\/pazmesa.art\/?post_type=product&#038;p=4019"},"modified":"2024-11-03T12:16:33","modified_gmt":"2024-11-03T12:16:33","slug":"chal-mazarron-2","status":"publish","type":"product","link":"https:\/\/pazmesa.art\/?product=chal-mazarron-2&lang=ast","title":{"rendered":"Chal Mazarr\u00f3n"},"content":{"rendered":"<p>Un chal bien suave y delic\u00e1u tex\u00edu con filos luxosos de llana merino y seda en tonos acolorazaos y llixeramente averdosaos.<\/p>\n<p>El mazarr\u00f3n ye un terminu gast\u00e1u pa falar del color color\u00e1u \u00f3xidu, nun vos miento si digo que foi \u00fan de los primeros colores utilizaos pola humanid\u00e1 y que contin\u00faa tando na vida diaria de munches cultures tradicionales. La idea ye la teya que veo dende una ventana del taller, son teyes vieyes artesanales con distinta tonalid\u00e1 de color\u00e1u y tami\u00e9n con dalguna planta peque\u00f1a que naz ente elles. Intento espeyar esta \u201cfotograf\u00eda en filos\u201d que ye \u00fan de los mios chales favoritos.<\/p>\n<p>Los nuesos chales t\u00e1n tex\u00edos coles fibres m\u00e1s delicaes y suaves ti\u00f1\u00edes con tintes naturales: filos de llana merino entemecida con seda, llinu, seda org\u00e1nico de la paz qu&#8217;apurren una cayida, rellumu y suavid\u00e1 estraordinaria p\u2019arropanos delicadamente. Por cuenta la so finura puedes gastalu como bufanda o como chal sobre los hombros.<\/p>\n","protected":false},"excerpt":{"rendered":"<p>Un chal bien suave y delic\u00e1u tex\u00edu con filos luxosos de llana merino y seda en tonos acolorazaos y llixeramente averdosaos.<\/p>\n","protected":false},"featured_media":3533,"comment_status":"closed","ping_status":"closed","template":"","meta":[],"product_brand":[],"product_cat":[103],"product_tag":[],"class_list":{"0":"post-4019","1":"product","2":"type-product","3":"status-publish","4":"has-post-thumbnail","6":"product_cat-chales-ast","8":"first","9":"instock","10":"taxable","11":"shipping-taxable","12":"purchasable","13":"product-type-simple","14":"layout-style-1","15":"col-md-4 col-sm-4 col-xs-6","16":"col-lg-3","17":"product-has-gallery","18":"product-style-default"},"aioseo_notices":[],"_links":{"self":[{"href":"https:\/\/pazmesa.art\/index.php?rest_route=\/wp\/v2\/product\/4019","targetHints":{"allow":["GET"]}}],"collection":[{"href":"https:\/\/pazmesa.art\/index.php?rest_route=\/wp\/v2\/product"}],"about":[{"href":"https:\/\/pazmesa.art\/index.php?rest_route=\/wp\/v2\/types\/product"}],"replies":[{"embeddable":true,"href":"https:\/\/pazmesa.art\/index.php?rest_route=%2Fwp%2Fv2%2Fcomments&post=4019"}],"wp:featuredmedia":[{"embeddable":true,"href":"https:\/\/pazmesa.art\/index.php?rest_route=\/wp\/v2\/media\/3533"}],"wp:attachment":[{"href":"https:\/\/pazmesa.art\/index.php?rest_route=%2Fwp%2Fv2%2Fmedia&parent=4019"}],"wp:term":[{"taxonomy":"product_brand","embeddable":true,"href":"https:\/\/pazmesa.art\/index.php?rest_route=%2Fwp%2Fv2%2Fproduct_brand&post=4019"},{"taxonomy":"product_cat","embeddable":true,"href":"https:\/\/pazmesa.art\/index.php?rest_route=%2Fwp%2Fv2%2Fproduct_cat&post=4019"},{"taxonomy":"product_tag","embeddable":true,"href":"https:\/\/pazmesa.art\/index.php?rest_route=%2Fwp%2Fv2%2Fproduct_tag&post=4019"}],"curies":[{"name":"wp","href":"https:\/\/api.w.org\/{rel}","templated":true}]}}