{"id":3502,"date":"2023-08-23T16:54:14","date_gmt":"2023-08-23T16:54:14","guid":{"rendered":"https:\/\/pazmesa.art\/?post_type=product&#038;p=3502"},"modified":"2025-11-11T11:29:08","modified_gmt":"2025-11-11T11:29:08","slug":"chal-fuexa","status":"publish","type":"product","link":"https:\/\/pazmesa.art\/?product=chal-fuexa","title":{"rendered":"Chal Villar"},"content":{"rendered":"<p>Un chal muy suave y delicado tejido con lujosos hilos de lana merino y seda en tonos marrones y averdosados con un ligamento que simula unos peque\u00f1os hoyos.<\/p>\n<p>Villar son dos casas en la ladera del monte Cimeru que pertenecen a la parroquia de Valdunu. Miran hacia el sur recibiendo gran cantidad de sol y son una zona de roca caliza. Todo esto intent\u00e9 reflejarlo en este chal en el que la textura asemeja peque\u00f1os hoyos como los que sueles encontrar en estas zonas de erosi\u00f3n calc\u00e1rea, al mismo tiempo los arbustos y la vegetaci\u00f3n tiran hacia el marr\u00f3n y el verde apagado.<\/p>\n<p>Nuestros chales est\u00e1n tejidos con las fibras m\u00e1s delicadas y suaves te\u00f1idas con tintes naturales: hilos de lana merino mezclada con seda, lino, seda org\u00e1nica de la paz que aportan una ca\u00edda, brillo y suavidad extraordinaria para arroparnos delicadamente. Debido a su finura y versatilidad lo puedes usar como bufanda y como chal sobre los hombros.<\/p>\n<p>&nbsp;<\/p>\n","protected":false},"excerpt":{"rendered":"<p>Un chal muy suave y delicado tejido con lujosos hilos de lana merino y seda en tonos marrones y averdosados con un ligamento que simula unos peque\u00f1os hoyos.<\/p>\n","protected":false},"featured_media":3541,"comment_status":"closed","ping_status":"closed","template":"","meta":[],"product_brand":[],"product_cat":[42],"product_tag":[],"class_list":{"0":"post-3502","1":"product","2":"type-product","3":"status-publish","4":"has-post-thumbnail","6":"product_cat-chales-es","8":"first","9":"instock","10":"taxable","11":"shipping-taxable","12":"purchasable","13":"product-type-simple","14":"layout-style-1","15":"col-md-4 col-sm-4 col-xs-6","16":"col-lg-3","17":"product-has-gallery","18":"product-style-default"},"aioseo_notices":[],"_links":{"self":[{"href":"https:\/\/pazmesa.art\/index.php?rest_route=\/wp\/v2\/product\/3502","targetHints":{"allow":["GET"]}}],"collection":[{"href":"https:\/\/pazmesa.art\/index.php?rest_route=\/wp\/v2\/product"}],"about":[{"href":"https:\/\/pazmesa.art\/index.php?rest_route=\/wp\/v2\/types\/product"}],"replies":[{"embeddable":true,"href":"https:\/\/pazmesa.art\/index.php?rest_route=%2Fwp%2Fv2%2Fcomments&post=3502"}],"wp:featuredmedia":[{"embeddable":true,"href":"https:\/\/pazmesa.art\/index.php?rest_route=\/wp\/v2\/media\/3541"}],"wp:attachment":[{"href":"https:\/\/pazmesa.art\/index.php?rest_route=%2Fwp%2Fv2%2Fmedia&parent=3502"}],"wp:term":[{"taxonomy":"product_brand","embeddable":true,"href":"https:\/\/pazmesa.art\/index.php?rest_route=%2Fwp%2Fv2%2Fproduct_brand&post=3502"},{"taxonomy":"product_cat","embeddable":true,"href":"https:\/\/pazmesa.art\/index.php?rest_route=%2Fwp%2Fv2%2Fproduct_cat&post=3502"},{"taxonomy":"product_tag","embeddable":true,"href":"https:\/\/pazmesa.art\/index.php?rest_route=%2Fwp%2Fv2%2Fproduct_tag&post=3502"}],"curies":[{"name":"wp","href":"https:\/\/api.w.org\/{rel}","templated":true}]}}