{"id":267,"date":"2016-07-29T08:39:07","date_gmt":"2016-07-29T08:39:07","guid":{"rendered":"http:\/\/demo.uix.store\/sober\/?post_type=product&#038;p=267"},"modified":"2025-10-11T12:58:29","modified_gmt":"2025-10-11T12:58:29","slug":"bufanda-pandiella","status":"publish","type":"product","link":"https:\/\/pazmesa.art\/?product=bufanda-pandiella","title":{"rendered":"Bufanda Pandiella"},"content":{"rendered":"<ul>\n<li>Una bufanda muy suave y delicada tejida con lujosos hilos de lana merino y seda en tonos azules gris\u00e1ceos y violetas. Pandiella era un sitio muy especial para m\u00ed, como la toponimia indica es una zona pendiente cercana a Les Caldes donde sol\u00eda ir a jugar. las moras de las zarzas y las matas del romero en la cercan\u00eda del camino me inspiraron a escoger estos colores de mis recuerdos.<\/li>\n<\/ul>\n<p>Nuestras bufandas est\u00e1n tejidas con las fibras m\u00e1s delicadas y suaves te\u00f1idas con tintes naturales: hilos de lana merino mezclada con seda, lino, seda org\u00e1nica de la paz que aportan una ca\u00edda, brillo y suavidad extraordinaria, para nuestra delicada piel.<\/p>\n","protected":false},"excerpt":{"rendered":"<p>Una bufanda muy suave y delicada tejida con lujosos hilos de lana merino y seda.<\/p>\n","protected":false},"featured_media":3520,"comment_status":"closed","ping_status":"closed","template":"","meta":[],"product_brand":[],"product_cat":[31],"product_tag":[],"class_list":{"0":"post-267","1":"product","2":"type-product","3":"status-publish","4":"has-post-thumbnail","6":"product_cat-bufandas-es","8":"first","9":"instock","10":"taxable","11":"shipping-taxable","12":"purchasable","13":"product-type-simple","14":"layout-style-1","15":"col-md-4 col-sm-4 col-xs-6","16":"col-lg-3","17":"product-has-gallery","18":"product-style-default"},"aioseo_notices":[],"_links":{"self":[{"href":"https:\/\/pazmesa.art\/index.php?rest_route=\/wp\/v2\/product\/267","targetHints":{"allow":["GET"]}}],"collection":[{"href":"https:\/\/pazmesa.art\/index.php?rest_route=\/wp\/v2\/product"}],"about":[{"href":"https:\/\/pazmesa.art\/index.php?rest_route=\/wp\/v2\/types\/product"}],"replies":[{"embeddable":true,"href":"https:\/\/pazmesa.art\/index.php?rest_route=%2Fwp%2Fv2%2Fcomments&post=267"}],"wp:featuredmedia":[{"embeddable":true,"href":"https:\/\/pazmesa.art\/index.php?rest_route=\/wp\/v2\/media\/3520"}],"wp:attachment":[{"href":"https:\/\/pazmesa.art\/index.php?rest_route=%2Fwp%2Fv2%2Fmedia&parent=267"}],"wp:term":[{"taxonomy":"product_brand","embeddable":true,"href":"https:\/\/pazmesa.art\/index.php?rest_route=%2Fwp%2Fv2%2Fproduct_brand&post=267"},{"taxonomy":"product_cat","embeddable":true,"href":"https:\/\/pazmesa.art\/index.php?rest_route=%2Fwp%2Fv2%2Fproduct_cat&post=267"},{"taxonomy":"product_tag","embeddable":true,"href":"https:\/\/pazmesa.art\/index.php?rest_route=%2Fwp%2Fv2%2Fproduct_tag&post=267"}],"curies":[{"name":"wp","href":"https:\/\/api.w.org\/{rel}","templated":true}]}}